{"id":34,"date":"2014-04-09T07:47:16","date_gmt":"2014-04-09T05:47:16","guid":{"rendered":"http:\/\/hk-malermeister.de\/?page_id=34"},"modified":"2014-04-09T12:11:33","modified_gmt":"2014-04-09T10:11:33","slug":"maler-u-lackierarbeiten","status":"publish","type":"page","link":"http:\/\/hk-malermeister.de\/?page_id=34","title":{"rendered":"Maler- u. Lackierarbeiten"},"content":{"rendered":"<p>Maler- u. Lackierarbeiten geh\u00f6ren zu unserem Kerngesch\u00e4ft.<br \/>\nSie beinhalten das Beschichten von Decken und Wandfl\u00e4chen, Fassaden, T\u00fcren, Stahlbauteilen, Gel\u00e4ndern etc. mit unterschiedlichen lasierenden oder mit deckenden Farben und Lacken.Unerl\u00e4sslich f\u00fcr ein optimales Ergebnis sind nat\u00fcrlich die gr\u00fcndlichen Vorarbeiten.<\/p>\n<ul>\n<li>Anstriche f\u00fcr den Innen- und Au\u00dfenbereich.<\/li>\n<li>Verspachteln und Schleifen von Trockenbauelementen oder rissigen Innenw\u00e4nden.<\/li>\n<li>Aufbringung von Dekor- oder Edelputzen sowie Dekorspachteltechniken.<\/li>\n<li>Wir lackieren Ihre T\u00fcren und Heizk\u00f6rper, um Gebrauchsspuren zu beseitigen oder Sie Ihrem optischen Konzept anzupassen.<\/li>\n<\/ul>\n","protected":false},"excerpt":{"rendered":"<p>Maler- u. Lackierarbeiten geh\u00f6ren zu unserem Kerngesch\u00e4ft. Sie beinhalten das Beschichten von Decken und Wandfl\u00e4chen, Fassaden, T\u00fcren, Stahlbauteilen, Gel\u00e4ndern etc. mit unterschiedlichen lasierenden oder mit deckenden Farben und Lacken.Unerl\u00e4sslich f\u00fcr ein optimales Ergebnis sind nat\u00fcrlich die gr\u00fcndlichen Vorarbeiten. Anstriche f\u00fcr den Innen- und Au\u00dfenbereich. Verspachteln und Schleifen von Trockenbauelementen oder rissigen Innenw\u00e4nden. Aufbringung von Dekor- [&hellip;]<\/p>\n","protected":false},"author":1,"featured_media":0,"parent":0,"menu_order":2,"comment_status":"closed","ping_status":"closed","template":"","meta":{"footnotes":""},"class_list":["post-34","page","type-page","status-publish","hentry"],"_links":{"self":[{"href":"http:\/\/hk-malermeister.de\/index.php?rest_route=\/wp\/v2\/pages\/34","targetHints":{"allow":["GET"]}}],"collection":[{"href":"http:\/\/hk-malermeister.de\/index.php?rest_route=\/wp\/v2\/pages"}],"about":[{"href":"http:\/\/hk-malermeister.de\/index.php?rest_route=\/wp\/v2\/types\/page"}],"author":[{"embeddable":true,"href":"http:\/\/hk-malermeister.de\/index.php?rest_route=\/wp\/v2\/users\/1"}],"replies":[{"embeddable":true,"href":"http:\/\/hk-malermeister.de\/index.php?rest_route=%2Fwp%2Fv2%2Fcomments&post=34"}],"version-history":[{"count":4,"href":"http:\/\/hk-malermeister.de\/index.php?rest_route=\/wp\/v2\/pages\/34\/revisions"}],"predecessor-version":[{"id":39,"href":"http:\/\/hk-malermeister.de\/index.php?rest_route=\/wp\/v2\/pages\/34\/revisions\/39"}],"wp:attachment":[{"href":"http:\/\/hk-malermeister.de\/index.php?rest_route=%2Fwp%2Fv2%2Fmedia&parent=34"}],"curies":[{"name":"wp","href":"https:\/\/api.w.org\/{rel}","templated":true}]}}