{"id":55,"date":"2014-04-09T13:10:44","date_gmt":"2014-04-09T11:10:44","guid":{"rendered":"http:\/\/hk-malermeister.de\/?page_id=55"},"modified":"2014-04-09T13:13:09","modified_gmt":"2014-04-09T11:13:09","slug":"raumgestaltung","status":"publish","type":"page","link":"http:\/\/hk-malermeister.de\/?page_id=55","title":{"rendered":"Raumgestaltung"},"content":{"rendered":"<p>Ein sch\u00f6nes Zuhause nach den W\u00fcnschen unserer Kunden gestalten, daf\u00fcr steht der Malermeisterbetrieb Klemenz. Wir beratenSie gerne vor Ort.<\/p>\n","protected":false},"excerpt":{"rendered":"<p>Ein sch\u00f6nes Zuhause nach den W\u00fcnschen unserer Kunden gestalten, daf\u00fcr steht der Malermeisterbetrieb Klemenz. Wir beratenSie gerne vor Ort.<\/p>\n","protected":false},"author":1,"featured_media":0,"parent":0,"menu_order":0,"comment_status":"closed","ping_status":"closed","template":"","meta":{"footnotes":""},"class_list":["post-55","page","type-page","status-publish","hentry"],"_links":{"self":[{"href":"http:\/\/hk-malermeister.de\/index.php?rest_route=\/wp\/v2\/pages\/55","targetHints":{"allow":["GET"]}}],"collection":[{"href":"http:\/\/hk-malermeister.de\/index.php?rest_route=\/wp\/v2\/pages"}],"about":[{"href":"http:\/\/hk-malermeister.de\/index.php?rest_route=\/wp\/v2\/types\/page"}],"author":[{"embeddable":true,"href":"http:\/\/hk-malermeister.de\/index.php?rest_route=\/wp\/v2\/users\/1"}],"replies":[{"embeddable":true,"href":"http:\/\/hk-malermeister.de\/index.php?rest_route=%2Fwp%2Fv2%2Fcomments&post=55"}],"version-history":[{"count":1,"href":"http:\/\/hk-malermeister.de\/index.php?rest_route=\/wp\/v2\/pages\/55\/revisions"}],"predecessor-version":[{"id":57,"href":"http:\/\/hk-malermeister.de\/index.php?rest_route=\/wp\/v2\/pages\/55\/revisions\/57"}],"wp:attachment":[{"href":"http:\/\/hk-malermeister.de\/index.php?rest_route=%2Fwp%2Fv2%2Fmedia&parent=55"}],"curies":[{"name":"wp","href":"https:\/\/api.w.org\/{rel}","templated":true}]}}