{"id":58,"date":"2014-04-09T13:15:24","date_gmt":"2014-04-09T11:15:24","guid":{"rendered":"http:\/\/hk-malermeister.de\/?page_id=58"},"modified":"2014-04-09T15:34:59","modified_gmt":"2014-04-09T13:34:59","slug":"verlegearbeiten","status":"publish","type":"page","link":"http:\/\/hk-malermeister.de\/?page_id=58","title":{"rendered":"Verlegearbeiten"},"content":{"rendered":"<p>Parkett, Laminat, Teppich u. PVC<\/p>\n<p>Der Bodenbelag ist f\u00fcr die meisten von uns heute selbstverst\u00e4ndlich und wird daher in der Wahrnehmung h\u00e4ufig ein wenig vernachl\u00e4ssigt. Dabei verleiht gerade erst der passende Bodenbelag einem Raum die gewisse Note. Zugleich muss der Belag einen gewissen Anspruch erf\u00fcllen, robust und langlebig sein. Nat\u00fcrlich sollte er dabei auch gut aussehen.<\/p>\n<p>Hersteller bieten eine Vielzahl von Produkten an. Die Wahl ist hingegen nicht immer ganz so einfach. Laminat oder lieber Parkett? Beim Teppichboden Langflor, Kurzflor oder Schlinge?<\/p>\n<p>Der Umgang mit Bodenbel\u00e4gen geh\u00f6rt schon seit langer Zeit\u00a0 zu unserem Handwerk .<\/p>\n","protected":false},"excerpt":{"rendered":"<p>Parkett, Laminat, Teppich u. PVC Der Bodenbelag ist f\u00fcr die meisten von uns heute selbstverst\u00e4ndlich und wird daher in der Wahrnehmung h\u00e4ufig ein wenig vernachl\u00e4ssigt. Dabei verleiht gerade erst der passende Bodenbelag einem Raum die gewisse Note. Zugleich muss der Belag einen gewissen Anspruch erf\u00fcllen, robust und langlebig sein. Nat\u00fcrlich sollte er dabei auch gut [&hellip;]<\/p>\n","protected":false},"author":1,"featured_media":0,"parent":0,"menu_order":0,"comment_status":"closed","ping_status":"closed","template":"","meta":{"footnotes":""},"class_list":["post-58","page","type-page","status-publish","hentry"],"_links":{"self":[{"href":"http:\/\/hk-malermeister.de\/index.php?rest_route=\/wp\/v2\/pages\/58","targetHints":{"allow":["GET"]}}],"collection":[{"href":"http:\/\/hk-malermeister.de\/index.php?rest_route=\/wp\/v2\/pages"}],"about":[{"href":"http:\/\/hk-malermeister.de\/index.php?rest_route=\/wp\/v2\/types\/page"}],"author":[{"embeddable":true,"href":"http:\/\/hk-malermeister.de\/index.php?rest_route=\/wp\/v2\/users\/1"}],"replies":[{"embeddable":true,"href":"http:\/\/hk-malermeister.de\/index.php?rest_route=%2Fwp%2Fv2%2Fcomments&post=58"}],"version-history":[{"count":2,"href":"http:\/\/hk-malermeister.de\/index.php?rest_route=\/wp\/v2\/pages\/58\/revisions"}],"predecessor-version":[{"id":66,"href":"http:\/\/hk-malermeister.de\/index.php?rest_route=\/wp\/v2\/pages\/58\/revisions\/66"}],"wp:attachment":[{"href":"http:\/\/hk-malermeister.de\/index.php?rest_route=%2Fwp%2Fv2%2Fmedia&parent=58"}],"curies":[{"name":"wp","href":"https:\/\/api.w.org\/{rel}","templated":true}]}}